{"id":4,"date":"2021-12-28T19:24:25","date_gmt":"2021-12-28T19:24:25","guid":{"rendered":"https:\/\/ferienwohnung-mehlig.de\/?page_id=4"},"modified":"2022-11-15T20:36:12","modified_gmt":"2022-11-15T20:36:12","slug":"willkommen-auf-https-ferienwohnung-mehlig-de","status":"publish","type":"page","link":"https:\/\/ferienwohnung-mehlig.de\/","title":{"rendered":"Ferienwohnung Mehlig"},"content":{"rendered":"\n<p>Herzlich willkommen in unserer <strong>Ferienwohnung Mehlig<\/strong> in Thalfang am Erbeskopf.<\/p>\n\n\n\n<p>Genie\u00dfen Sie die sauberste Luft Deutschlands. Entspannen Sie sich inmitten unserer sch\u00f6nen Natur.<br>Restaurant, Gesch\u00e4fte, Post- und Bank, Schwimmbad, Barfu\u00dfpfad sind zu Fu\u00df erreichbar.<\/p>\n\n\n\n<hr class=\"wp-block-separator has-css-opacity\"\/>\n\n\n\n<p class=\"has-text-align-center\"><img loading=\"lazy\" decoding=\"async\" width=\"150\" height=\"28\" class=\"wp-image-52\" style=\"width: 150px;\" src=\"https:\/\/ferienwohnung-mehlig.de\/wp-content\/uploads\/2021\/12\/stars.png\" alt=\"\"><\/p>\n\n\n\n<p class=\"has-text-align-center\"><strong>4 Sterne Ferienwohnung<\/strong><\/p>\n\n\n\n<p class=\"has-text-align-center\">Unsere Ferienwohnung ist nach den Sternekriterien des Deutschen Tourismusverbands gepr\u00fcft und bewertet.<\/p>\n\n\n\n<p class=\"has-text-align-center\">Die gebotenen und bewerteten Leistungen sind auf der Internetseite angegeben.<\/p>\n\n\n\n<hr class=\"wp-block-separator has-css-opacity\"\/>\n\n\n\n<p><strong>Au\u00dfenbereich<\/strong><\/p>\n\n\n\n<p>Der Au\u00dfenbereich der Ferienwohnung besteht aus einem gro\u00dfz\u00fcgigen Garten inklusive m\u00f6blierter Terrasse. &nbsp;Zus\u00e4tzlich steht Ihnen ein abschlie\u00dfbarer Abstellraum f\u00fcr Sportger\u00e4te zu Verf\u00fcgung. Um Ihnen den Aufenthalt zu versch\u00f6nern kann weiterhin ein Grill, Sonnenliegen und eine Tischtennisplatte genutzt werden.<\/p>\n\n\n\n<figure class=\"wp-block-gallery has-nested-images columns-default is-cropped wp-block-gallery-1 is-layout-flex wp-block-gallery-is-layout-flex\">\n<figure class=\"wp-block-image size-large\"><img loading=\"lazy\" decoding=\"async\" width=\"1024\" height=\"576\" data-id=\"24\" src=\"https:\/\/ferienwohnung-mehlig.de\/wp-content\/uploads\/2021\/12\/pic15-1024x576.jpg\" alt=\"Terrasse\" class=\"wp-image-24\" srcset=\"https:\/\/ferienwohnung-mehlig.de\/wp-content\/uploads\/2021\/12\/pic15-1024x576.jpg 1024w, https:\/\/ferienwohnung-mehlig.de\/wp-content\/uploads\/2021\/12\/pic15-300x169.jpg 300w, https:\/\/ferienwohnung-mehlig.de\/wp-content\/uploads\/2021\/12\/pic15-768x432.jpg 768w, https:\/\/ferienwohnung-mehlig.de\/wp-content\/uploads\/2021\/12\/pic15-1536x864.jpg 1536w, https:\/\/ferienwohnung-mehlig.de\/wp-content\/uploads\/2021\/12\/pic15-2048x1152.jpg 2048w, https:\/\/ferienwohnung-mehlig.de\/wp-content\/uploads\/2021\/12\/pic15-1110x624.jpg 1110w, https:\/\/ferienwohnung-mehlig.de\/wp-content\/uploads\/2021\/12\/pic15-528x297.jpg 528w\" sizes=\"auto, (max-width: 1024px) 100vw, 1024px\" \/><figcaption class=\"wp-element-caption\">Terrasse<\/figcaption><\/figure>\n\n\n\n<figure class=\"wp-block-image size-large\"><img loading=\"lazy\" decoding=\"async\" width=\"1024\" height=\"768\" data-id=\"21\" src=\"https:\/\/ferienwohnung-mehlig.de\/wp-content\/uploads\/2021\/12\/pic12-1024x768.jpg\" alt=\"\" class=\"wp-image-21\" srcset=\"https:\/\/ferienwohnung-mehlig.de\/wp-content\/uploads\/2021\/12\/pic12-1024x768.jpg 1024w, https:\/\/ferienwohnung-mehlig.de\/wp-content\/uploads\/2021\/12\/pic12-300x225.jpg 300w, https:\/\/ferienwohnung-mehlig.de\/wp-content\/uploads\/2021\/12\/pic12-768x576.jpg 768w, https:\/\/ferienwohnung-mehlig.de\/wp-content\/uploads\/2021\/12\/pic12-1536x1152.jpg 1536w, https:\/\/ferienwohnung-mehlig.de\/wp-content\/uploads\/2021\/12\/pic12.jpg 1600w\" sizes=\"auto, (max-width: 1024px) 100vw, 1024px\" \/><figcaption class=\"wp-element-caption\">Blick auf Garten<\/figcaption><\/figure>\n\n\n\n<figure class=\"wp-block-image size-large\"><img loading=\"lazy\" decoding=\"async\" width=\"1024\" height=\"768\" data-id=\"20\" src=\"https:\/\/ferienwohnung-mehlig.de\/wp-content\/uploads\/2021\/12\/pic11-1024x768.jpg\" alt=\"Terrasse 2\" class=\"wp-image-20\" srcset=\"https:\/\/ferienwohnung-mehlig.de\/wp-content\/uploads\/2021\/12\/pic11-1024x768.jpg 1024w, https:\/\/ferienwohnung-mehlig.de\/wp-content\/uploads\/2021\/12\/pic11-300x225.jpg 300w, https:\/\/ferienwohnung-mehlig.de\/wp-content\/uploads\/2021\/12\/pic11-768x576.jpg 768w, https:\/\/ferienwohnung-mehlig.de\/wp-content\/uploads\/2021\/12\/pic11-1536x1152.jpg 1536w, https:\/\/ferienwohnung-mehlig.de\/wp-content\/uploads\/2021\/12\/pic11.jpg 1600w\" sizes=\"auto, (max-width: 1024px) 100vw, 1024px\" \/><figcaption class=\"wp-element-caption\">Blick auf Terrasse<\/figcaption><\/figure>\n\n\n\n<figure class=\"wp-block-image size-large\"><img loading=\"lazy\" decoding=\"async\" width=\"1024\" height=\"768\" data-id=\"19\" src=\"https:\/\/ferienwohnung-mehlig.de\/wp-content\/uploads\/2021\/12\/pic10-1024x768.jpg\" alt=\"Terrasse 3\" class=\"wp-image-19\" srcset=\"https:\/\/ferienwohnung-mehlig.de\/wp-content\/uploads\/2021\/12\/pic10-1024x768.jpg 1024w, https:\/\/ferienwohnung-mehlig.de\/wp-content\/uploads\/2021\/12\/pic10-300x225.jpg 300w, https:\/\/ferienwohnung-mehlig.de\/wp-content\/uploads\/2021\/12\/pic10-768x576.jpg 768w, https:\/\/ferienwohnung-mehlig.de\/wp-content\/uploads\/2021\/12\/pic10-1536x1152.jpg 1536w, https:\/\/ferienwohnung-mehlig.de\/wp-content\/uploads\/2021\/12\/pic10.jpg 1600w\" sizes=\"auto, (max-width: 1024px) 100vw, 1024px\" \/><figcaption class=\"wp-element-caption\">Terrasse<\/figcaption><\/figure>\n<\/figure>\n\n\n\n<hr class=\"wp-block-separator has-css-opacity\"\/>\n\n\n\n<p><strong>Ferienwohnung<\/strong><\/p>\n\n\n\n<p>Die Ferienwohnung besteht aus 2 Zimmern, K\u00fcche, Bad und Terrasse zum Sonnen. Das Schlafzimmer enth\u00e4lt ein bezogenes Boxspringbett, sowie einen Kleiderschrank. Zus\u00e4tzliche Decken und Kopfkissen werden Ihnen auf Wunsch bereitgestellt. Im Wohnzimmer steht eine weitere Schlafm\u00f6glichkeit in Form einer Schlafcouch zu Verf\u00fcgung. Die K\u00fcche ist komplett eingerichtet, inklusive einem Geschirrsp\u00fcler, Backofen, K\u00fchlschrank, Mikrowelle, Kaffeemaschine, Wasserkocher, Toaster und Essplatz.<\/p>\n\n\n\n<figure class=\"wp-block-gallery has-nested-images columns-default is-cropped wp-block-gallery-2 is-layout-flex wp-block-gallery-is-layout-flex\">\n<figure class=\"wp-block-image size-large\"><img loading=\"lazy\" decoding=\"async\" width=\"1024\" height=\"768\" data-id=\"13\" src=\"https:\/\/ferienwohnung-mehlig.de\/wp-content\/uploads\/2021\/12\/pic02-1024x768.jpg\" alt=\"Wohnzimmer\" class=\"wp-image-13\" srcset=\"https:\/\/ferienwohnung-mehlig.de\/wp-content\/uploads\/2021\/12\/pic02-1024x768.jpg 1024w, https:\/\/ferienwohnung-mehlig.de\/wp-content\/uploads\/2021\/12\/pic02-300x225.jpg 300w, https:\/\/ferienwohnung-mehlig.de\/wp-content\/uploads\/2021\/12\/pic02-768x576.jpg 768w, https:\/\/ferienwohnung-mehlig.de\/wp-content\/uploads\/2021\/12\/pic02-1536x1152.jpg 1536w, https:\/\/ferienwohnung-mehlig.de\/wp-content\/uploads\/2021\/12\/pic02-2048x1536.jpg 2048w\" sizes=\"auto, (max-width: 1024px) 100vw, 1024px\" \/><figcaption class=\"wp-element-caption\">Wohnzimmer<\/figcaption><\/figure>\n\n\n\n<figure class=\"wp-block-image size-large\"><img loading=\"lazy\" decoding=\"async\" width=\"1024\" height=\"768\" data-id=\"12\" src=\"https:\/\/ferienwohnung-mehlig.de\/wp-content\/uploads\/2021\/12\/pic01-1024x768.jpg\" alt=\"Schlafzimmer\" class=\"wp-image-12\" srcset=\"https:\/\/ferienwohnung-mehlig.de\/wp-content\/uploads\/2021\/12\/pic01-1024x768.jpg 1024w, https:\/\/ferienwohnung-mehlig.de\/wp-content\/uploads\/2021\/12\/pic01-300x225.jpg 300w, https:\/\/ferienwohnung-mehlig.de\/wp-content\/uploads\/2021\/12\/pic01-768x576.jpg 768w, https:\/\/ferienwohnung-mehlig.de\/wp-content\/uploads\/2021\/12\/pic01-1536x1152.jpg 1536w, https:\/\/ferienwohnung-mehlig.de\/wp-content\/uploads\/2021\/12\/pic01.jpg 1600w\" sizes=\"auto, (max-width: 1024px) 100vw, 1024px\" \/><figcaption class=\"wp-element-caption\">Schlafzimmer<\/figcaption><\/figure>\n\n\n\n<figure class=\"wp-block-image size-large\"><img loading=\"lazy\" decoding=\"async\" width=\"1024\" height=\"768\" data-id=\"14\" src=\"https:\/\/ferienwohnung-mehlig.de\/wp-content\/uploads\/2021\/12\/pic03-1024x768.jpg\" alt=\"K\u00fcche\" class=\"wp-image-14\" srcset=\"https:\/\/ferienwohnung-mehlig.de\/wp-content\/uploads\/2021\/12\/pic03-1024x768.jpg 1024w, https:\/\/ferienwohnung-mehlig.de\/wp-content\/uploads\/2021\/12\/pic03-300x225.jpg 300w, https:\/\/ferienwohnung-mehlig.de\/wp-content\/uploads\/2021\/12\/pic03-768x576.jpg 768w, https:\/\/ferienwohnung-mehlig.de\/wp-content\/uploads\/2021\/12\/pic03-1536x1152.jpg 1536w, https:\/\/ferienwohnung-mehlig.de\/wp-content\/uploads\/2021\/12\/pic03.jpg 1600w\" sizes=\"auto, (max-width: 1024px) 100vw, 1024px\" \/><figcaption class=\"wp-element-caption\">K\u00fcche<\/figcaption><\/figure>\n\n\n\n<figure class=\"wp-block-image size-large\"><img loading=\"lazy\" decoding=\"async\" width=\"1024\" height=\"768\" data-id=\"15\" src=\"https:\/\/ferienwohnung-mehlig.de\/wp-content\/uploads\/2021\/12\/pic04-1024x768.jpg\" alt=\"Badezimmer\" class=\"wp-image-15\" srcset=\"https:\/\/ferienwohnung-mehlig.de\/wp-content\/uploads\/2021\/12\/pic04-1024x768.jpg 1024w, https:\/\/ferienwohnung-mehlig.de\/wp-content\/uploads\/2021\/12\/pic04-300x225.jpg 300w, https:\/\/ferienwohnung-mehlig.de\/wp-content\/uploads\/2021\/12\/pic04-768x576.jpg 768w, https:\/\/ferienwohnung-mehlig.de\/wp-content\/uploads\/2021\/12\/pic04-1536x1152.jpg 1536w, https:\/\/ferienwohnung-mehlig.de\/wp-content\/uploads\/2021\/12\/pic04.jpg 1600w\" sizes=\"auto, (max-width: 1024px) 100vw, 1024px\" \/><figcaption class=\"wp-element-caption\">Badezimmer<\/figcaption><\/figure>\n\n\n\n<figure class=\"wp-block-image size-large\"><img loading=\"lazy\" decoding=\"async\" width=\"1024\" height=\"768\" data-id=\"16\" src=\"https:\/\/ferienwohnung-mehlig.de\/wp-content\/uploads\/2021\/12\/pic07-1024x768.jpg\" alt=\"Wohnzimmer\" class=\"wp-image-16\" srcset=\"https:\/\/ferienwohnung-mehlig.de\/wp-content\/uploads\/2021\/12\/pic07-1024x768.jpg 1024w, https:\/\/ferienwohnung-mehlig.de\/wp-content\/uploads\/2021\/12\/pic07-300x225.jpg 300w, https:\/\/ferienwohnung-mehlig.de\/wp-content\/uploads\/2021\/12\/pic07-768x576.jpg 768w, https:\/\/ferienwohnung-mehlig.de\/wp-content\/uploads\/2021\/12\/pic07-1536x1152.jpg 1536w, https:\/\/ferienwohnung-mehlig.de\/wp-content\/uploads\/2021\/12\/pic07-2048x1536.jpg 2048w\" sizes=\"auto, (max-width: 1024px) 100vw, 1024px\" \/><figcaption class=\"wp-element-caption\">Wohnzimmer<\/figcaption><\/figure>\n\n\n\n<figure class=\"wp-block-image size-large\"><img loading=\"lazy\" decoding=\"async\" width=\"1024\" height=\"768\" data-id=\"17\" src=\"https:\/\/ferienwohnung-mehlig.de\/wp-content\/uploads\/2021\/12\/pic08-1024x768.jpg\" alt=\"K\u00fcche\" class=\"wp-image-17\" srcset=\"https:\/\/ferienwohnung-mehlig.de\/wp-content\/uploads\/2021\/12\/pic08-1024x768.jpg 1024w, https:\/\/ferienwohnung-mehlig.de\/wp-content\/uploads\/2021\/12\/pic08-300x225.jpg 300w, https:\/\/ferienwohnung-mehlig.de\/wp-content\/uploads\/2021\/12\/pic08-768x576.jpg 768w, https:\/\/ferienwohnung-mehlig.de\/wp-content\/uploads\/2021\/12\/pic08-1536x1152.jpg 1536w, https:\/\/ferienwohnung-mehlig.de\/wp-content\/uploads\/2021\/12\/pic08.jpg 1600w\" sizes=\"auto, (max-width: 1024px) 100vw, 1024px\" \/><figcaption class=\"wp-element-caption\">K\u00fcche<\/figcaption><\/figure>\n<\/figure>\n\n\n\n<hr class=\"wp-block-separator has-css-opacity\"\/>\n\n\n\n<div class=\"wp-block-columns is-layout-flex wp-container-core-columns-is-layout-9d6595d7 wp-block-columns-is-layout-flex\">\n<div class=\"wp-block-column m-custom-block is-layout-flow wp-block-column-is-layout-flow\">\n<p class=\"has-text-align-center\"><i class=\"fas fa-euro-sign\"><\/i><\/p>\n\n\n\n<p class=\"has-text-align-center\"> <strong>Preise<\/strong><\/p>\n\n\n\n<p class=\"has-text-align-center\">2  N\u00e4chte nur nach pers\u00f6nlicher Absprache<\/p>\n\n\n\n<p class=\"has-text-align-center\">ab 3 Tage je 68 ,- \u20ac<br>jede weitere Person 15 ,- \u20ac  <\/p>\n\n\n\n<p class=\"has-text-align-center\">pro Aufenthalt 30 ,- \u20ac Endreinigung<\/p>\n\n\n\n<p><\/p>\n<\/div>\n\n\n\n<div class=\"wp-block-column m-custom-block is-layout-flow wp-block-column-is-layout-flow\">\n<p class=\"has-text-align-center\"><i class=\"fas fa-child\"><\/i><\/p>\n\n\n\n<p class=\"has-text-align-center\"> <strong>Kinder sind kostenlos<\/strong> <\/p>\n\n\n\n<p class=\"has-text-align-center\"> Kinder unter 3 Jahren wohnen bei uns kostenlos! <\/p>\n<\/div>\n<\/div>\n\n\n\n<hr class=\"wp-block-separator has-css-opacity\"\/>\n\n\n\n<div class=\"wp-block-buttons is-layout-flex wp-block-buttons-is-layout-flex\">\n<div class=\"wp-block-button\"><a class=\"wp-block-button__link has-white-color has-text-color has-background wp-element-button\" href=\"https:\/\/ferienwohnung-mehlig.de\/?page_id=38\" style=\"border-radius:6px;background:linear-gradient(180deg,rgb(6,147,227) 0%,rgb(12,153,199) 12%,rgb(0,130,173) 100%)\">Buchen<\/a><\/div>\n<\/div>\n\n\n\n<p><strong>Vermieter<\/strong>: Familie Ricarda und Uwe Mehlig <\/p>\n\n\n\n<p><strong>Hausname<\/strong>: Mehlig (DTVID = 250912) <\/p>\n\n\n\n<p><strong>Art der Ferienwohnung:<\/strong>  Ferienwohnung in einem Mehrfamilienhaus <\/p>\n\n\n\n<p><strong>Anschrift<\/strong>: Feldstr. 2, D54424 Thalfang <\/p>\n\n\n\n<p><strong>Datum der Pr\u00fcfung:<\/strong>  19.03.2016 <\/p>\n\n\n\n<p><strong>Pr\u00fcfer:<\/strong> Herr Herbert Schindler  <\/p>\n\n\n\n<p><strong>Serviceleistungen<\/strong>: <\/p>\n\n\n\n<ul class=\"wp-block-list\">\n<li>Getr\u00e4nkeservice<\/li>\n\n\n\n<li>Einkaufsservice vor der Anreise<\/li>\n\n\n\n<li>Reinigungsservice w\u00e4hrend des Aufenthalts (auf Wunsch)<\/li>\n\n\n\n<li>Hausprospekt<\/li>\n\n\n\n<li>Internetpr\u00e4senz<\/li>\n\n\n\n<li>Online-Buchbarkeit \u00fcber elektronische Buchungssysteme<\/li>\n\n\n\n<li>Aktuelle und ansprechende Informationen \u00fcber Region und Veranstaltungen (Infomappe, Tagesprogramme)<\/li>\n<\/ul>\n","protected":false},"excerpt":{"rendered":"<p>Herzlich willkommen in unserer Ferienwohnung Mehlig in Thalfang am Erbeskopf. Genie\u00dfen Sie die sauberste Luft Deutschlands. Entspannen Sie sich inmitten unserer sch\u00f6nen Natur.Restaurant, Gesch\u00e4fte, Post- und Bank, Schwimmbad, Barfu\u00dfpfad sind [&hellip;]<\/p>\n","protected":false},"author":1,"featured_media":0,"parent":0,"menu_order":0,"comment_status":"closed","ping_status":"open","template":"","meta":{"footnotes":""},"class_list":["post-4","page","type-page","status-publish","czr-hentry"],"_links":{"self":[{"href":"https:\/\/ferienwohnung-mehlig.de\/index.php?rest_route=\/wp\/v2\/pages\/4","targetHints":{"allow":["GET"]}}],"collection":[{"href":"https:\/\/ferienwohnung-mehlig.de\/index.php?rest_route=\/wp\/v2\/pages"}],"about":[{"href":"https:\/\/ferienwohnung-mehlig.de\/index.php?rest_route=\/wp\/v2\/types\/page"}],"author":[{"embeddable":true,"href":"https:\/\/ferienwohnung-mehlig.de\/index.php?rest_route=\/wp\/v2\/users\/1"}],"replies":[{"embeddable":true,"href":"https:\/\/ferienwohnung-mehlig.de\/index.php?rest_route=%2Fwp%2Fv2%2Fcomments&post=4"}],"version-history":[{"count":23,"href":"https:\/\/ferienwohnung-mehlig.de\/index.php?rest_route=\/wp\/v2\/pages\/4\/revisions"}],"predecessor-version":[{"id":157,"href":"https:\/\/ferienwohnung-mehlig.de\/index.php?rest_route=\/wp\/v2\/pages\/4\/revisions\/157"}],"wp:attachment":[{"href":"https:\/\/ferienwohnung-mehlig.de\/index.php?rest_route=%2Fwp%2Fv2%2Fmedia&parent=4"}],"curies":[{"name":"wp","href":"https:\/\/api.w.org\/{rel}","templated":true}]}}